{"id":24782,"date":"2025-06-18T10:41:38","date_gmt":"2025-06-18T08:41:38","guid":{"rendered":"https:\/\/www.mask-bar.com\/product\/masca-hidrogel-cu-secretie-de-melc-34g-cosrx\/"},"modified":"2026-05-01T10:19:23","modified_gmt":"2026-05-01T08:19:23","slug":"masca-hidrogel-cu-secretie-de-melc-34g-cosrx","status":"publish","type":"product","link":"https:\/\/www.mask-bar.com\/ro\/product\/masca-hidrogel-cu-secretie-de-melc-34g-cosrx\/","title":{"rendered":"Masca hidrogel cu secretie de melc, 34g &#8211; COSRX"},"content":{"rendered":"<h2>Advanced Snail Mucin Glass Glow Hydrogel Mask<\/h2>\n<p>Obtineti o piele stralucitoare chiar de la prima utilizare cu masca Masca hidrogel cu secretie de melc, 34g &#8211; COSRX.<\/p>\n<p>Formulata cu 25% Secretie de Melc, aceasta masca devine transparenta in timp ce hidrateaza in profunzime, imbunatateste stralucirea, calmeaza pielea sensibila si inmoaie textura &#8211; oferind beneficii imediate pe care le puteti vedea si simti.<\/p>\n<h4>Caracteristici<\/h4>\n<ul>\n<li>Piele stralucitoare<\/li>\n<li>Hidrateza pielea<\/li>\n<li>Calmeaza roseata si iritatiile<\/li>\n<li>Imbunatateste fermitatea pielii<\/li>\n<li>Reduce ridurile<\/li>\n<li>Imbunatateste tonul neuniform al pielii<\/li>\n<li>Imbunatateste finetea pielii<\/li>\n<li>Reduce vizibil porii<\/li>\n<\/ul>\n<h4>Ingrediente cheie<\/h4>\n<ul>\n<li>25% Filtrat de secretie de melc (Mucina): Imbunatateste stralucirea, hidrateaza pielea, calmeaza iritatiile, imbunatateste elasticitatea<\/li>\n<li>Colagen cu greutate moleculara mica 200Da \/ Adenozina: Imbunatateste elasticitatea<\/li>\n<li>Niacinamida \/ Gluconolactona: Imbunatateste stralucirea<\/li>\n<li>5 tipuri de Acizi Hialuronici &amp; Ceramide \/ Panthenol: Hidrateaza pielea<\/li>\n<li>Betaine \/ Alantoina: Calmeaza pielea.<\/li>\n<\/ul>\n<h4>Ingrediente<\/h4>\n<p>Aqua\/Water, Snail Secretion Filtrate, Glycerin, Acrylates Copolymer, Niacinamide, 1,2-Hexanediol, Ceratonia Siliqua (Carob) Gum, Chondrus Crispus, Butylene Glycol, Betaine, Potassium Chloride, Agar, Erythritol, Sclerotium Gum, Sucrose, Cellulose Gum, Allantoin, Polyglyceryl-10 Laurate, Panthenol, Ethylhexylglycerin, Adenosine, Sodium Phytate, Hydrogenated Lecithin, Cetearyl Alcohol, Stearic Acid, Pentylene Glycol, Hydrolyzed Collagen, Gluconolactone, Ceramide NP, Sodium Hyaluronate, Tocopherol, Sodium Hyaluronate Crosspolymer, Hydrolyzed Hyaluronic Acid, Ceramide NS, Cholesterol, Phytosphingosine, Hyaluronic Acid, Ceramide AP, Ceramide AS, Hydrolyzed Sodium Hyaluronate, Ceramide EOP<\/p>\n<h4>Mod de folosire<\/h4>\n<ol start=\"1\">\n<li>Dupa curatare, aplicati toner sau ser.<\/li>\n<li>Deschideti pliculetul, indepartati foliile si aplicati masca.<\/li>\n<li>Dupa 2-3 ore sau cand masca devine transparenta, indepartati-o si masati usor esenta ramasa pe fata.<\/li>\n<\/ol>\n<p><strong>SFAT!<\/strong> Pot fi obtinute rezultate mai bune daca folositi produsul peste noapte.<\/p>\n<h4><span style=\"font-weight: bold;\">Precautiuni<\/span><\/h4>\n<p>Pentru uz extern. Evitati contactul cu ochii. Nu lasati la indemana copiilor. Daca apar iritatii, intrerupeti utilizarea si consultati medicul. Utilizati conform instructiunilor si numai pe pielea fara leziuni. <a href=\"https:\/\/www.mask-bar.com\/test-alergologic-cutanat-deciem\">Este recomandat sa efectuati un test alergologic cutanat.<\/a><\/p>\n<p><strong><em>* Datorita angajamentului constant al producatorilor fata de inovare si disponibilitatea materiilor prime, din cauza situatiei actuale, pot aparea usoare modificari in procentele si\/sau nomenclatura ingredientelor si, in consecinta, INCI-urile pot varia in functie de lotul de fabricatie. Cu toate acestea, calitatea, eficacitatea si performanta produsului sunt revizuite la fiecare fabricatie, ca parte a angajamentului nostru fata de produse cosmetice de inalta calitate. Cea mai recenta si actualizata versiune a listei de ingrediente va fi intotdeauna pe ambalajul produsului.<\/em><\/strong><\/p>\n<p><strong><em>* Este recomandat sa efectuati un test alergologic cutanat inainte de utilizare.<\/em><\/strong><\/p>\n","protected":false},"excerpt":{"rendered":"<p>Ob\u021bine\u021bi o piele str\u0103lucitoare chiar de la prima utilizare cu masca Masca hidrogel cu secretie de melc, 34g &#8211; COSRX.<\/p>\n<p>Formulat\u0103 cu 25% Secre\u021bie de Melc, aceast\u0103 masc\u0103 devine transparent\u0103 \u00een timp ce hidrateaz\u0103 \u00een profunzime, \u00eembun\u0103t\u0103\u021be\u0219te str\u0103lucirea, calmeaz\u0103 pielea sensibil\u0103 \u0219i \u00eenmoaie textura &#8211; oferind beneficii imediate pe care le pute\u021bi vedea \u0219i sim\u021bi.<\/p>\n","protected":false},"featured_media":24206,"comment_status":"open","ping_status":"closed","template":"","meta":[],"pwb-brand":[3998],"product_cat":[4024],"product_tag":[],"class_list":{"0":"post-24782","1":"product","2":"type-product","3":"status-publish","4":"has-post-thumbnail","6":"pwb-brand-cosrx","7":"product_cat-masca-hydrogel","8":"pa_for-unisex-ro","9":"pa_manufacturer-cosrx-ro","10":"pa_quantity-34g","12":"first","13":"instock","14":"purchasable","15":"product-type-simple"},"yoast_head":"<!-- This site is optimized with the Yoast SEO plugin v23.3 - https:\/\/yoast.com\/wordpress\/plugins\/seo\/ -->\n<title>Masca hidrogel cu secretie de melc, 34g - COSRX | Mask-bar.com<\/title>\n<meta name=\"description\" content=\"Ob\u021bine\u021bi o piele mult mai str\u0103lucitoare chiar de la prima utilizare cu masca Masca hidrogel cu secretie de melc, 34g - COSRX.\" \/>\n<meta name=\"robots\" content=\"index, follow, max-snippet:-1, max-image-preview:large, max-video-preview:-1\" \/>\n<link rel=\"canonical\" href=\"https:\/\/www.mask-bar.com\/ro\/product\/masca-hidrogel-cu-secretie-de-melc-34g-cosrx\/\" \/>\n<meta property=\"og:locale\" content=\"ro_RO\" \/>\n<meta property=\"og:type\" content=\"article\" \/>\n<meta property=\"og:title\" content=\"Masca hidrogel cu secretie de melc, 34g - COSRX | Mask-bar.com\" \/>\n<meta property=\"og:description\" content=\"Ob\u021bine\u021bi o piele mult mai str\u0103lucitoare chiar de la prima utilizare cu masca Masca hidrogel cu secretie de melc, 34g - COSRX.\" \/>\n<meta property=\"og:url\" content=\"https:\/\/www.mask-bar.com\/ro\/product\/masca-hidrogel-cu-secretie-de-melc-34g-cosrx\/\" \/>\n<meta property=\"og:site_name\" content=\"Mask Bar\" \/>\n<meta property=\"article:modified_time\" content=\"2026-05-01T08:19:23+00:00\" \/>\n<meta property=\"og:image\" content=\"https:\/\/www.mask-bar.com\/wp-content\/uploads\/2025\/06\/masca-hidratanta-cu-secretie-de-melc-glass-glow-hydrogel-mask-34g-cosrx.jpg\" \/>\n\t<meta property=\"og:image:width\" content=\"1000\" \/>\n\t<meta property=\"og:image:height\" content=\"1000\" \/>\n\t<meta property=\"og:image:type\" content=\"image\/jpeg\" \/>\n<meta name=\"twitter:card\" content=\"summary_large_image\" \/>\n<meta name=\"twitter:label1\" content=\"Timp estimat pentru citire\" \/>\n\t<meta name=\"twitter:data1\" content=\"2 minute\" \/>\n<script type=\"application\/ld+json\" class=\"yoast-schema-graph\">{\"@context\":\"https:\/\/schema.org\",\"@graph\":[{\"@type\":\"WebPage\",\"@id\":\"https:\/\/www.mask-bar.com\/ro\/product\/masca-hidrogel-cu-secretie-de-melc-34g-cosrx\/\",\"url\":\"https:\/\/www.mask-bar.com\/ro\/product\/masca-hidrogel-cu-secretie-de-melc-34g-cosrx\/\",\"name\":\"Masca hidrogel cu secretie de melc, 34g - COSRX | Mask-bar.com\",\"isPartOf\":{\"@id\":\"https:\/\/www.mask-bar.com\/ro\/#website\"},\"primaryImageOfPage\":{\"@id\":\"https:\/\/www.mask-bar.com\/ro\/product\/masca-hidrogel-cu-secretie-de-melc-34g-cosrx\/#primaryimage\"},\"image\":{\"@id\":\"https:\/\/www.mask-bar.com\/ro\/product\/masca-hidrogel-cu-secretie-de-melc-34g-cosrx\/#primaryimage\"},\"thumbnailUrl\":\"https:\/\/www.mask-bar.com\/wp-content\/uploads\/2025\/06\/masca-hidratanta-cu-secretie-de-melc-glass-glow-hydrogel-mask-34g-cosrx.jpg\",\"datePublished\":\"2025-06-18T08:41:38+00:00\",\"dateModified\":\"2026-05-01T08:19:23+00:00\",\"description\":\"Ob\u021bine\u021bi o piele mult mai str\u0103lucitoare chiar de la prima utilizare cu masca Masca hidrogel cu secretie de melc, 34g - COSRX.\",\"breadcrumb\":{\"@id\":\"https:\/\/www.mask-bar.com\/ro\/product\/masca-hidrogel-cu-secretie-de-melc-34g-cosrx\/#breadcrumb\"},\"inLanguage\":\"ro-RO\",\"potentialAction\":[{\"@type\":\"ReadAction\",\"target\":[\"https:\/\/www.mask-bar.com\/ro\/product\/masca-hidrogel-cu-secretie-de-melc-34g-cosrx\/\"]}]},{\"@type\":\"ImageObject\",\"inLanguage\":\"ro-RO\",\"@id\":\"https:\/\/www.mask-bar.com\/ro\/product\/masca-hidrogel-cu-secretie-de-melc-34g-cosrx\/#primaryimage\",\"url\":\"https:\/\/www.mask-bar.com\/wp-content\/uploads\/2025\/06\/masca-hidratanta-cu-secretie-de-melc-glass-glow-hydrogel-mask-34g-cosrx.jpg\",\"contentUrl\":\"https:\/\/www.mask-bar.com\/wp-content\/uploads\/2025\/06\/masca-hidratanta-cu-secretie-de-melc-glass-glow-hydrogel-mask-34g-cosrx.jpg\",\"width\":1000,\"height\":1000},{\"@type\":\"BreadcrumbList\",\"@id\":\"https:\/\/www.mask-bar.com\/ro\/product\/masca-hidrogel-cu-secretie-de-melc-34g-cosrx\/#breadcrumb\",\"itemListElement\":[{\"@type\":\"ListItem\",\"position\":1,\"name\":\"Home\",\"item\":\"https:\/\/www.mask-bar.com\/ro\/\"},{\"@type\":\"ListItem\",\"position\":2,\"name\":\"Shop\",\"item\":\"https:\/\/www.mask-bar.com\/shop\/\"},{\"@type\":\"ListItem\",\"position\":3,\"name\":\"Masca hidrogel cu secretie de melc, 34g &#8211; COSRX\"}]},{\"@type\":\"WebSite\",\"@id\":\"https:\/\/www.mask-bar.com\/ro\/#website\",\"url\":\"https:\/\/www.mask-bar.com\/ro\/\",\"name\":\"Mask Bar\",\"description\":\"Online shop - maskbar!\",\"potentialAction\":[{\"@type\":\"SearchAction\",\"target\":{\"@type\":\"EntryPoint\",\"urlTemplate\":\"https:\/\/www.mask-bar.com\/ro\/?s={search_term_string}\"},\"query-input\":\"required name=search_term_string\"}],\"inLanguage\":\"ro-RO\"}]}<\/script>\n<!-- \/ Yoast SEO plugin. -->","yoast_head_json":{"title":"Masca hidrogel cu secretie de melc, 34g - COSRX | Mask-bar.com","description":"Ob\u021bine\u021bi o piele mult mai str\u0103lucitoare chiar de la prima utilizare cu masca Masca hidrogel cu secretie de melc, 34g - COSRX.","robots":{"index":"index","follow":"follow","max-snippet":"max-snippet:-1","max-image-preview":"max-image-preview:large","max-video-preview":"max-video-preview:-1"},"canonical":"https:\/\/www.mask-bar.com\/ro\/product\/masca-hidrogel-cu-secretie-de-melc-34g-cosrx\/","og_locale":"ro_RO","og_type":"article","og_title":"Masca hidrogel cu secretie de melc, 34g - COSRX | Mask-bar.com","og_description":"Ob\u021bine\u021bi o piele mult mai str\u0103lucitoare chiar de la prima utilizare cu masca Masca hidrogel cu secretie de melc, 34g - COSRX.","og_url":"https:\/\/www.mask-bar.com\/ro\/product\/masca-hidrogel-cu-secretie-de-melc-34g-cosrx\/","og_site_name":"Mask Bar","article_modified_time":"2026-05-01T08:19:23+00:00","og_image":[{"width":1000,"height":1000,"url":"https:\/\/www.mask-bar.com\/wp-content\/uploads\/2025\/06\/masca-hidratanta-cu-secretie-de-melc-glass-glow-hydrogel-mask-34g-cosrx.jpg","type":"image\/jpeg"}],"twitter_card":"summary_large_image","twitter_misc":{"Timp estimat pentru citire":"2 minute"},"schema":{"@context":"https:\/\/schema.org","@graph":[{"@type":"WebPage","@id":"https:\/\/www.mask-bar.com\/ro\/product\/masca-hidrogel-cu-secretie-de-melc-34g-cosrx\/","url":"https:\/\/www.mask-bar.com\/ro\/product\/masca-hidrogel-cu-secretie-de-melc-34g-cosrx\/","name":"Masca hidrogel cu secretie de melc, 34g - COSRX | Mask-bar.com","isPartOf":{"@id":"https:\/\/www.mask-bar.com\/ro\/#website"},"primaryImageOfPage":{"@id":"https:\/\/www.mask-bar.com\/ro\/product\/masca-hidrogel-cu-secretie-de-melc-34g-cosrx\/#primaryimage"},"image":{"@id":"https:\/\/www.mask-bar.com\/ro\/product\/masca-hidrogel-cu-secretie-de-melc-34g-cosrx\/#primaryimage"},"thumbnailUrl":"https:\/\/www.mask-bar.com\/wp-content\/uploads\/2025\/06\/masca-hidratanta-cu-secretie-de-melc-glass-glow-hydrogel-mask-34g-cosrx.jpg","datePublished":"2025-06-18T08:41:38+00:00","dateModified":"2026-05-01T08:19:23+00:00","description":"Ob\u021bine\u021bi o piele mult mai str\u0103lucitoare chiar de la prima utilizare cu masca Masca hidrogel cu secretie de melc, 34g - COSRX.","breadcrumb":{"@id":"https:\/\/www.mask-bar.com\/ro\/product\/masca-hidrogel-cu-secretie-de-melc-34g-cosrx\/#breadcrumb"},"inLanguage":"ro-RO","potentialAction":[{"@type":"ReadAction","target":["https:\/\/www.mask-bar.com\/ro\/product\/masca-hidrogel-cu-secretie-de-melc-34g-cosrx\/"]}]},{"@type":"ImageObject","inLanguage":"ro-RO","@id":"https:\/\/www.mask-bar.com\/ro\/product\/masca-hidrogel-cu-secretie-de-melc-34g-cosrx\/#primaryimage","url":"https:\/\/www.mask-bar.com\/wp-content\/uploads\/2025\/06\/masca-hidratanta-cu-secretie-de-melc-glass-glow-hydrogel-mask-34g-cosrx.jpg","contentUrl":"https:\/\/www.mask-bar.com\/wp-content\/uploads\/2025\/06\/masca-hidratanta-cu-secretie-de-melc-glass-glow-hydrogel-mask-34g-cosrx.jpg","width":1000,"height":1000},{"@type":"BreadcrumbList","@id":"https:\/\/www.mask-bar.com\/ro\/product\/masca-hidrogel-cu-secretie-de-melc-34g-cosrx\/#breadcrumb","itemListElement":[{"@type":"ListItem","position":1,"name":"Home","item":"https:\/\/www.mask-bar.com\/ro\/"},{"@type":"ListItem","position":2,"name":"Shop","item":"https:\/\/www.mask-bar.com\/shop\/"},{"@type":"ListItem","position":3,"name":"Masca hidrogel cu secretie de melc, 34g &#8211; COSRX"}]},{"@type":"WebSite","@id":"https:\/\/www.mask-bar.com\/ro\/#website","url":"https:\/\/www.mask-bar.com\/ro\/","name":"Mask Bar","description":"Online shop - maskbar!","potentialAction":[{"@type":"SearchAction","target":{"@type":"EntryPoint","urlTemplate":"https:\/\/www.mask-bar.com\/ro\/?s={search_term_string}"},"query-input":"required name=search_term_string"}],"inLanguage":"ro-RO"}]}},"brands":[{"id":3998,"name":"COSRX","slug":"cosrx"}],"_links":{"self":[{"href":"https:\/\/www.mask-bar.com\/ro\/wp-json\/wp\/v2\/product\/24782"}],"collection":[{"href":"https:\/\/www.mask-bar.com\/ro\/wp-json\/wp\/v2\/product"}],"about":[{"href":"https:\/\/www.mask-bar.com\/ro\/wp-json\/wp\/v2\/types\/product"}],"replies":[{"embeddable":true,"href":"https:\/\/www.mask-bar.com\/ro\/wp-json\/wp\/v2\/comments?post=24782"}],"wp:featuredmedia":[{"embeddable":true,"href":"https:\/\/www.mask-bar.com\/ro\/wp-json\/wp\/v2\/media\/24206"}],"wp:attachment":[{"href":"https:\/\/www.mask-bar.com\/ro\/wp-json\/wp\/v2\/media?parent=24782"}],"wp:term":[{"taxonomy":"pwb-brand","embeddable":true,"href":"https:\/\/www.mask-bar.com\/ro\/wp-json\/wp\/v2\/pwb-brand?post=24782"},{"taxonomy":"product_cat","embeddable":true,"href":"https:\/\/www.mask-bar.com\/ro\/wp-json\/wp\/v2\/product_cat?post=24782"},{"taxonomy":"product_tag","embeddable":true,"href":"https:\/\/www.mask-bar.com\/ro\/wp-json\/wp\/v2\/product_tag?post=24782"}],"curies":[{"name":"wp","href":"https:\/\/api.w.org\/{rel}","templated":true}]}}